{"id":111598,"date":"2022-07-26T09:37:17","date_gmt":"2022-07-26T09:37:17","guid":{"rendered":"https:\/\/tangentline.ventures\/?page_id=111598"},"modified":"2024-02-06T09:45:45","modified_gmt":"2024-02-06T09:45:45","slug":"piotr-pietrzak","status":"publish","type":"page","link":"https:\/\/tangentline.ventures\/pl\/piotr-pietrzak\/","title":{"rendered":"Piotr Pietrzak"},"content":{"rendered":"<section class=\"wpb-content-wrapper\"><p>[vc_row unlock_row_content=&#8221;yes&#8221; row_height_percent=&#8221;0&#8243; override_padding=&#8221;yes&#8221; h_padding=&#8221;0&#8243; top_padding=&#8221;0&#8243; bottom_padding=&#8221;0&#8243; overlay_alpha=&#8221;50&#8243; equal_height=&#8221;yes&#8221; gutter_size=&#8221;0&#8243; column_width_percent=&#8221;100&#8243; shift_y=&#8221;0&#8243; z_index=&#8221;0&#8243; uncode_shortcode_id=&#8221;191595&#8243;][vc_column column_width_percent=&#8221;100&#8243; gutter_size=&#8221;3&#8243; overlay_alpha=&#8221;50&#8243; shift_x=&#8221;0&#8243; shift_y=&#8221;0&#8243; shift_y_down=&#8221;0&#8243; z_index=&#8221;0&#8243; medium_width=&#8221;0&#8243; mobile_width=&#8221;0&#8243; width=&#8221;5\/12&#8243; mobile_height=&#8221;340&#8243; uncode_shortcode_id=&#8221;355632&#8243;][vc_single_image media=&#8221;111059&#8243; media_width_percent=&#8221;100&#8243; alignment=&#8221;center&#8221; advanced=&#8221;yes&#8221; media_overlay_opacity=&#8221;50&#8243; media_overlay_anim=&#8221;no&#8221; media_image_anim=&#8221;no&#8221; media_padding=&#8221;2&#8243; uncode_shortcode_id=&#8221;195757&#8243;][\/vc_column][vc_column column_width_use_pixel=&#8221;yes&#8221; position_vertical=&#8221;middle&#8221; gutter_size=&#8221;2&#8243; override_padding=&#8221;yes&#8221; column_padding=&#8221;5&#8243; overlay_alpha=&#8221;50&#8243; shift_x=&#8221;0&#8243; shift_y=&#8221;0&#8243; shift_y_down=&#8221;0&#8243; z_index=&#8221;0&#8243; medium_width=&#8221;0&#8243; mobile_width=&#8221;0&#8243; width=&#8221;7\/12&#8243; column_width_pixel=&#8221;528&#8243; uncode_shortcode_id=&#8221;108888&#8243;][vc_row_inner][vc_column_inner column_width_percent=&#8221;100&#8243; gutter_size=&#8221;1&#8243; overlay_alpha=&#8221;50&#8243; shift_x=&#8221;0&#8243; shift_y=&#8221;0&#8243; shift_y_down=&#8221;0&#8243; z_index=&#8221;0&#8243; medium_width=&#8221;0&#8243; mobile_width=&#8221;0&#8243; width=&#8221;1\/1&#8243; uncode_shortcode_id=&#8221;466304&#8243;][vc_custom_heading text_color=&#8221;accent&#8221; text_size=&#8221;h6&#8243; uncode_shortcode_id=&#8221;191809&#8243; text_color_type=&#8221;uncode-palette&#8221;]TANGENT LINE[\/vc_custom_heading][vc_custom_heading text_size=&#8221;fontsize-290579&#8243; uncode_shortcode_id=&#8221;106037&#8243;]Piotr Pietrzak[\/vc_custom_heading][vc_column_text text_lead=&#8221;yes&#8221; uncode_shortcode_id=&#8221;619930&#8243;]<\/p>\n<p style=\"font-weight: 400;\">PARTNER ZARZ\u0104DZAJ\u0104CY<\/p>\n<p>[\/vc_column_text][\/vc_column_inner][\/vc_row_inner][vc_empty_space empty_h=&#8221;1&#8243;][vc_column_text uncode_shortcode_id=&#8221;983726&#8243;]Ekspert w inwestycjach Venture Capital \/ Private Equity, z udokumentowanym do\u015bwiadczeniem w start-upach &#8222;twardych technologii&#8221;. Z powodzeniem wspiera\u0142 sp\u00f3\u0142ki portfelowe w ich rozwoju (rozw\u00f3j biznesu \/ pozyskiwanie kapita\u0142u \/ IPO \/ wyj\u015bcia). Obecnie Partner Zarz\u0105dzaj\u0105cy w Tangent Line Ventures.[\/vc_column_text][vc_empty_space empty_h=&#8221;1&#8243;][vc_separator sep_color=&#8221;&#8221; uncode_shortcode_id=&#8221;294333&#8243;][vc_row_inner][vc_column_inner width=&#8221;1\/2&#8243;][vc_icon position=&#8221;left&#8221; space_reduced=&#8221;yes&#8221; icon=&#8221;fa fa-linkedin&#8221; icon_color=&#8221;accent&#8221; text_size=&#8221;h6&#8243; linked_title=&#8221;yes&#8221; uncode_shortcode_id=&#8221;868330&#8243; icon_color_type=&#8221;uncode-palette&#8221; title=&#8221;Linkedin&#8221; link=&#8221;url:https%3A%2F%2Fwww.linkedin.com%2Fin%2Fpiotr-pietrzak-631487%2F|target:_blank&#8221;][\/vc_icon][\/vc_column_inner][vc_column_inner width=&#8221;1\/2&#8243;][vc_icon position=&#8221;left&#8221; space_reduced=&#8221;yes&#8221; icon=&#8221;fa fa-envelope-o&#8221; icon_color=&#8221;accent&#8221; text_size=&#8221;h6&#8243; linked_title=&#8221;yes&#8221; uncode_shortcode_id=&#8221;149333&#8243; icon_color_type=&#8221;uncode-palette&#8221; title=&#8221;E-mail&#8221; link=&#8221;url:https%3A%2F%2Ftangentline.ventures%2Fcontact-us%2F|title:Contact%20us&#8221;][\/vc_icon][\/vc_column_inner][\/vc_row_inner][\/vc_column][\/vc_row][vc_row row_height_percent=&#8221;0&#8243; override_padding=&#8221;yes&#8221; h_padding=&#8221;2&#8243; top_padding=&#8221;5&#8243; bottom_padding=&#8221;5&#8243; overlay_color=&#8221;color-lxmt&#8221; overlay_alpha=&#8221;50&#8243; gutter_size=&#8221;4&#8243; column_width_percent=&#8221;100&#8243; shift_y=&#8221;0&#8243; z_index=&#8221;0&#8243; uncode_shortcode_id=&#8221;360170&#8243; overlay_color_type=&#8221;uncode-palette&#8221;][vc_column column_width_percent=&#8221;100&#8243; gutter_size=&#8221;2&#8243; overlay_alpha=&#8221;50&#8243; shift_x=&#8221;0&#8243; shift_y=&#8221;0&#8243; shift_y_down=&#8221;0&#8243; z_index=&#8221;0&#8243; medium_width=&#8221;0&#8243; mobile_width=&#8221;0&#8243; width=&#8221;1\/2&#8243; uncode_shortcode_id=&#8221;776756&#8243;][vc_custom_heading text_color=&#8221;accent&#8221; text_size=&#8221;h6&#8243; text_transform=&#8221;uppercase&#8221; uncode_shortcode_id=&#8221;610946&#8243; text_color_type=&#8221;uncode-palette&#8221;]<\/p>\n<p style=\"font-weight: 400;\">ZOSTA\u0143 WSP\u00d3\u0141INWESTOREM<\/p>\n<p>[\/vc_custom_heading][vc_custom_heading text_size=&#8221;fontsize-290579&#8243; uncode_shortcode_id=&#8221;821044&#8243;]<\/p>\n<div><span lang=\"EN-US\">Wsp\u00f3lne inwestowanie &gt; <\/span><span class=\"heading-text-highlight \" data-atts='{\"bg\":\"#ffb300\",\"height\":\"14%\",\"offset\":\"0.1em\",\"opacity\":\"0.7\",\"animated\":\"yes\"}'>Wsp\u00f3lny sukces. <\/span><\/div>\n<p>[\/vc_custom_heading][vc_empty_space empty_h=&#8221;2&#8243;][vc_column_text uncode_shortcode_id=&#8221;148530&#8243;]Jako inwestor wiod\u0105cy zapewniamy wsparcie ekspert\u00f3w w zakresie inwestycji. Jako wsp\u00f3\u0142inwestor Tangent Line korzystasz z si\u0142y i do\u015bwiadczenia uznanego inwestora venture capital.\u00a0Wejd\u017a na pok\u0142ad, pom\u00f3\u017c startupom i szybko rozwijaj\u0105cym si\u0119 firmom wystartowa\u0107 i zapewnij sobie atrakcyjne mo\u017cliwo\u015bci zarobku.[\/vc_column_text][\/vc_column][vc_column column_width_percent=&#8221;100&#8243; gutter_size=&#8221;2&#8243; override_padding=&#8221;yes&#8221; column_padding=&#8221;3&#8243; overlay_alpha=&#8221;50&#8243; shift_x=&#8221;0&#8243; shift_y=&#8221;0&#8243; shift_y_down=&#8221;0&#8243; z_index=&#8221;0&#8243; medium_width=&#8221;0&#8243; mobile_width=&#8221;0&#8243; width=&#8221;1\/2&#8243; uncode_shortcode_id=&#8221;201401&#8243;]\n<div class=\"wpcf7 no-js\" id=\"wpcf7-f111633-o1\" lang=\"en-US\" dir=\"ltr\">\n<div class=\"screen-reader-response\"><p role=\"status\" aria-live=\"polite\" aria-atomic=\"true\"><\/p> <ul><\/ul><\/div>\n<form action=\"\/pl\/wp-json\/wp\/v2\/pages\/111598#wpcf7-f111633-o1\" method=\"post\" class=\"wpcf7-form init\" aria-label=\"Contact form\" novalidate=\"novalidate\" data-status=\"init\">\n<div style=\"display: none;\">\n<input type=\"hidden\" name=\"_wpcf7\" value=\"111633\" \/>\n<input type=\"hidden\" name=\"_wpcf7_version\" value=\"5.8\" \/>\n<input type=\"hidden\" name=\"_wpcf7_locale\" value=\"en_US\" \/>\n<input type=\"hidden\" name=\"_wpcf7_unit_tag\" value=\"wpcf7-f111633-o1\" \/>\n<input type=\"hidden\" name=\"_wpcf7_container_post\" value=\"0\" \/>\n<input type=\"hidden\" name=\"_wpcf7_posted_data_hash\" value=\"\" \/>\n<input type=\"hidden\" name=\"_wpcf7_recaptcha_response\" value=\"\" \/>\n<\/div>\n<div class=\"wpcf7-inline-wrapper\">\n\t<p class=\"wpcf7-inline-field\"><span class=\"wpcf7-form-control-wrap\" data-name=\"your-firstname\"><input size=\"40\" class=\"wpcf7-form-control wpcf7-text wpcf7-validates-as-required\" aria-required=\"true\" aria-invalid=\"false\" placeholder=\"Imi\u0119\" value=\"\" type=\"text\" name=\"your-firstname\" \/><\/span>\n\t<\/p>\n\t<p class=\"wpcf7-inline-field\"><span class=\"wpcf7-form-control-wrap\" data-name=\"your-lastname\"><input size=\"40\" class=\"wpcf7-form-control wpcf7-text wpcf7-validates-as-required\" aria-required=\"true\" aria-invalid=\"false\" placeholder=\"Nazwisko\" value=\"\" type=\"text\" name=\"your-lastname\" \/><\/span>\n\t<\/p>\n<\/div>\n<div class=\"wpcf7-inline-wrapper\">\n\t<p class=\"wpcf7-inline-field\"><span class=\"wpcf7-form-control-wrap\" data-name=\"your-email\"><input size=\"40\" class=\"wpcf7-form-control wpcf7-email wpcf7-validates-as-required wpcf7-text wpcf7-validates-as-email\" aria-required=\"true\" aria-invalid=\"false\" placeholder=\"Adres email\" value=\"\" type=\"email\" name=\"your-email\" \/><\/span>\n\t<\/p>\n\t<p class=\"wpcf7-inline-field\"><span class=\"wpcf7-form-control-wrap\" data-name=\"your-phone\"><input size=\"40\" class=\"wpcf7-form-control wpcf7-text\" aria-invalid=\"false\" placeholder=\"Numer telefonu\" value=\"\" type=\"text\" name=\"your-phone\" \/><\/span>\n\t<\/p>\n<\/div>\n<p><span class=\"wpcf7-form-control-wrap\" data-name=\"your-message\"><textarea cols=\"40\" rows=\"2\" class=\"wpcf7-form-control wpcf7-textarea\" aria-invalid=\"false\" placeholder=\"Wiadomo\u015b\u0107\" name=\"your-message\"><\/textarea><\/span>\n<\/p>\n<p><span class=\"wpcf7-form-control-wrap\" data-name=\"accept-this-1\"><span class=\"wpcf7-form-control wpcf7-acceptance\"><span class=\"wpcf7-list-item\"><label><input type=\"checkbox\" name=\"accept-this-1\" value=\"1\" aria-invalid=\"false\" \/><span class=\"wpcf7-list-item-label\">Akceptuj\u0119 tre\u015bci opisane w <a href=\"https:\/\/tangentline.ventures\/pl\/polityka-prywatnosci\/\">Polityka prywatno\u015bci<\/a><\/span><\/label><\/span><\/span><\/span>\n<\/p>\n<p><input class=\"wpcf7-form-control wpcf7-submit has-spinner btn btn-accent\" type=\"submit\" value=\"Wy\u015blij\" \/>\n<\/p><input type='hidden' class='wpcf7-pum' value='{\"closepopup\":false,\"closedelay\":0,\"openpopup\":false,\"openpopup_id\":0}' \/><div class=\"wpcf7-response-output\" aria-hidden=\"true\"><\/div>\n<\/form>\n<\/div>\n[\/vc_column][\/vc_row]<\/p>\n<\/section>","protected":false},"excerpt":{"rendered":"<p>[vc_row unlock_row_content=&#8221;yes&#8221; row_height_percent=&#8221;0&#8243; override_padding=&#8221;yes&#8221; h_padding=&#8221;0&#8243; top_padding=&#8221;0&#8243; bottom_padding=&#8221;0&#8243; overlay_alpha=&#8221;50&#8243; equal_height=&#8221;yes&#8221; gutter_size=&#8221;0&#8243; column_width_percent=&#8221;100&#8243; shift_y=&#8221;0&#8243; z_index=&#8221;0&#8243; uncode_shortcode_id=&#8221;191595&#8243;][vc_column column_width_percent=&#8221;100&#8243; gutter_size=&#8221;3&#8243; overlay_alpha=&#8221;50&#8243; shift_x=&#8221;0&#8243; shift_y=&#8221;0&#8243; shift_y_down=&#8221;0&#8243; [&hellip;]<\/p>\n","protected":false},"author":2,"featured_media":111515,"parent":0,"menu_order":0,"comment_status":"closed","ping_status":"closed","template":"","meta":{"footnotes":""},"class_list":["post-111598","page","type-page","status-publish","has-post-thumbnail","hentry"],"yoast_head":"<!-- This site is optimized with the Yoast SEO plugin v20.13 - https:\/\/yoast.com\/wordpress\/plugins\/seo\/ -->\n<title>Piotr Pietrzak - Tangent Line<\/title>\n<meta name=\"robots\" content=\"index, follow, max-snippet:-1, max-image-preview:large, max-video-preview:-1\" \/>\n<link rel=\"canonical\" href=\"https:\/\/tangentline.ventures\/pl\/piotr-pietrzak\/\" \/>\n<meta property=\"og:locale\" content=\"pl_PL\" \/>\n<meta property=\"og:type\" content=\"article\" \/>\n<meta property=\"og:title\" content=\"Piotr Pietrzak - Tangent Line\" \/>\n<meta property=\"og:description\" content=\"[vc_row unlock_row_content=&#8221;yes&#8221; row_height_percent=&#8221;0&#8243; override_padding=&#8221;yes&#8221; h_padding=&#8221;0&#8243; top_padding=&#8221;0&#8243; bottom_padding=&#8221;0&#8243; overlay_alpha=&#8221;50&#8243; equal_height=&#8221;yes&#8221; gutter_size=&#8221;0&#8243; column_width_percent=&#8221;100&#8243; shift_y=&#8221;0&#8243; z_index=&#8221;0&#8243; uncode_shortcode_id=&#8221;191595&#8243;][vc_column column_width_percent=&#8221;100&#8243; gutter_size=&#8221;3&#8243; overlay_alpha=&#8221;50&#8243; shift_x=&#8221;0&#8243; shift_y=&#8221;0&#8243; shift_y_down=&#8221;0&#8243; [&hellip;]\" \/>\n<meta property=\"og:url\" content=\"https:\/\/tangentline.ventures\/pl\/piotr-pietrzak\/\" \/>\n<meta property=\"og:site_name\" content=\"Tangent Line\" \/>\n<meta property=\"article:modified_time\" content=\"2024-02-06T09:45:45+00:00\" \/>\n<meta property=\"og:image\" content=\"https:\/\/tangentline.ventures\/wp-content\/uploads\/2022\/08\/tangent-line-8-piotr-pietrzak.jpg\" \/>\n\t<meta property=\"og:image:width\" content=\"800\" \/>\n\t<meta property=\"og:image:height\" content=\"1199\" \/>\n\t<meta property=\"og:image:type\" content=\"image\/jpeg\" \/>\n<meta name=\"twitter:card\" content=\"summary_large_image\" \/>\n<meta name=\"twitter:label1\" content=\"Szacowany czas czytania\" \/>\n\t<meta name=\"twitter:data1\" content=\"2 minuty\" \/>\n<script type=\"application\/ld+json\" class=\"yoast-schema-graph\">{\"@context\":\"https:\/\/schema.org\",\"@graph\":[{\"@type\":\"WebPage\",\"@id\":\"https:\/\/tangentline.ventures\/pl\/piotr-pietrzak\/\",\"url\":\"https:\/\/tangentline.ventures\/pl\/piotr-pietrzak\/\",\"name\":\"Piotr Pietrzak - Tangent Line\",\"isPartOf\":{\"@id\":\"https:\/\/tangentline.ventures\/pl\/#website\"},\"datePublished\":\"2022-07-26T09:37:17+00:00\",\"dateModified\":\"2024-02-06T09:45:45+00:00\",\"breadcrumb\":{\"@id\":\"https:\/\/tangentline.ventures\/pl\/piotr-pietrzak\/#breadcrumb\"},\"inLanguage\":\"pl-PL\",\"potentialAction\":[{\"@type\":\"ReadAction\",\"target\":[\"https:\/\/tangentline.ventures\/pl\/piotr-pietrzak\/\"]}]},{\"@type\":\"BreadcrumbList\",\"@id\":\"https:\/\/tangentline.ventures\/pl\/piotr-pietrzak\/#breadcrumb\",\"itemListElement\":[{\"@type\":\"ListItem\",\"position\":1,\"name\":\"Home\",\"item\":\"https:\/\/tangentline.ventures\/pl\/\"},{\"@type\":\"ListItem\",\"position\":2,\"name\":\"Piotr Pietrzak\"}]},{\"@type\":\"WebSite\",\"@id\":\"https:\/\/tangentline.ventures\/pl\/#website\",\"url\":\"https:\/\/tangentline.ventures\/pl\/\",\"name\":\"Tangent Line\",\"description\":\"My WordPress Blog\",\"potentialAction\":[{\"@type\":\"SearchAction\",\"target\":{\"@type\":\"EntryPoint\",\"urlTemplate\":\"https:\/\/tangentline.ventures\/pl\/?s={search_term_string}\"},\"query-input\":\"required name=search_term_string\"}],\"inLanguage\":\"pl-PL\"}]}<\/script>\n<!-- \/ Yoast SEO plugin. -->","yoast_head_json":{"title":"Piotr Pietrzak - Tangent Line","robots":{"index":"index","follow":"follow","max-snippet":"max-snippet:-1","max-image-preview":"max-image-preview:large","max-video-preview":"max-video-preview:-1"},"canonical":"https:\/\/tangentline.ventures\/pl\/piotr-pietrzak\/","og_locale":"pl_PL","og_type":"article","og_title":"Piotr Pietrzak - Tangent Line","og_description":"[vc_row unlock_row_content=&#8221;yes&#8221; row_height_percent=&#8221;0&#8243; override_padding=&#8221;yes&#8221; h_padding=&#8221;0&#8243; top_padding=&#8221;0&#8243; bottom_padding=&#8221;0&#8243; overlay_alpha=&#8221;50&#8243; equal_height=&#8221;yes&#8221; gutter_size=&#8221;0&#8243; column_width_percent=&#8221;100&#8243; shift_y=&#8221;0&#8243; z_index=&#8221;0&#8243; uncode_shortcode_id=&#8221;191595&#8243;][vc_column column_width_percent=&#8221;100&#8243; gutter_size=&#8221;3&#8243; overlay_alpha=&#8221;50&#8243; shift_x=&#8221;0&#8243; shift_y=&#8221;0&#8243; shift_y_down=&#8221;0&#8243; [&hellip;]","og_url":"https:\/\/tangentline.ventures\/pl\/piotr-pietrzak\/","og_site_name":"Tangent Line","article_modified_time":"2024-02-06T09:45:45+00:00","og_image":[{"width":800,"height":1199,"url":"https:\/\/tangentline.ventures\/wp-content\/uploads\/2022\/08\/tangent-line-8-piotr-pietrzak.jpg","type":"image\/jpeg"}],"twitter_card":"summary_large_image","twitter_misc":{"Szacowany czas czytania":"2 minuty"},"schema":{"@context":"https:\/\/schema.org","@graph":[{"@type":"WebPage","@id":"https:\/\/tangentline.ventures\/pl\/piotr-pietrzak\/","url":"https:\/\/tangentline.ventures\/pl\/piotr-pietrzak\/","name":"Piotr Pietrzak - Tangent Line","isPartOf":{"@id":"https:\/\/tangentline.ventures\/pl\/#website"},"datePublished":"2022-07-26T09:37:17+00:00","dateModified":"2024-02-06T09:45:45+00:00","breadcrumb":{"@id":"https:\/\/tangentline.ventures\/pl\/piotr-pietrzak\/#breadcrumb"},"inLanguage":"pl-PL","potentialAction":[{"@type":"ReadAction","target":["https:\/\/tangentline.ventures\/pl\/piotr-pietrzak\/"]}]},{"@type":"BreadcrumbList","@id":"https:\/\/tangentline.ventures\/pl\/piotr-pietrzak\/#breadcrumb","itemListElement":[{"@type":"ListItem","position":1,"name":"Home","item":"https:\/\/tangentline.ventures\/pl\/"},{"@type":"ListItem","position":2,"name":"Piotr Pietrzak"}]},{"@type":"WebSite","@id":"https:\/\/tangentline.ventures\/pl\/#website","url":"https:\/\/tangentline.ventures\/pl\/","name":"Tangent Line","description":"My WordPress Blog","potentialAction":[{"@type":"SearchAction","target":{"@type":"EntryPoint","urlTemplate":"https:\/\/tangentline.ventures\/pl\/?s={search_term_string}"},"query-input":"required name=search_term_string"}],"inLanguage":"pl-PL"}]}},"_links":{"self":[{"href":"https:\/\/tangentline.ventures\/pl\/wp-json\/wp\/v2\/pages\/111598","targetHints":{"allow":["GET"]}}],"collection":[{"href":"https:\/\/tangentline.ventures\/pl\/wp-json\/wp\/v2\/pages"}],"about":[{"href":"https:\/\/tangentline.ventures\/pl\/wp-json\/wp\/v2\/types\/page"}],"author":[{"embeddable":true,"href":"https:\/\/tangentline.ventures\/pl\/wp-json\/wp\/v2\/users\/2"}],"replies":[{"embeddable":true,"href":"https:\/\/tangentline.ventures\/pl\/wp-json\/wp\/v2\/comments?post=111598"}],"version-history":[{"count":2,"href":"https:\/\/tangentline.ventures\/pl\/wp-json\/wp\/v2\/pages\/111598\/revisions"}],"predecessor-version":[{"id":111642,"href":"https:\/\/tangentline.ventures\/pl\/wp-json\/wp\/v2\/pages\/111598\/revisions\/111642"}],"wp:featuredmedia":[{"embeddable":true,"href":"https:\/\/tangentline.ventures\/pl\/wp-json\/wp\/v2\/media\/111515"}],"wp:attachment":[{"href":"https:\/\/tangentline.ventures\/pl\/wp-json\/wp\/v2\/media?parent=111598"}],"curies":[{"name":"wp","href":"https:\/\/api.w.org\/{rel}","templated":true}]}}