{"id":111651,"date":"2023-10-24T15:51:53","date_gmt":"2023-10-24T15:51:53","guid":{"rendered":"https:\/\/tangentline.ventures\/?page_id=111651"},"modified":"2024-02-06T16:02:39","modified_gmt":"2024-02-06T16:02:39","slug":"dla-inwestorow","status":"publish","type":"page","link":"https:\/\/tangentline.ventures\/pl\/dla-inwestorow\/","title":{"rendered":"Dla inwestor\u00f3w"},"content":{"rendered":"<section class=\"wpb-content-wrapper\"><p>[vc_row row_height_percent=&#8221;0&#8243; override_padding=&#8221;yes&#8221; h_padding=&#8221;2&#8243; top_padding=&#8221;5&#8243; bottom_padding=&#8221;2&#8243; overlay_alpha=&#8221;50&#8243; gutter_size=&#8221;3&#8243; column_width_percent=&#8221;100&#8243; shift_y=&#8221;0&#8243; z_index=&#8221;1&#8243; top_divider=&#8221;gradient&#8221; bottom_divider=&#8221;gradient&#8221; uncode_shortcode_id=&#8221;101314&#8243;][vc_column column_width_percent=&#8221;100&#8243; gutter_size=&#8221;3&#8243; overlay_alpha=&#8221;50&#8243; shift_x=&#8221;0&#8243; shift_y=&#8221;0&#8243; shift_y_down=&#8221;0&#8243; z_index=&#8221;0&#8243; medium_width=&#8221;0&#8243; mobile_width=&#8221;0&#8243; width=&#8221;1\/1&#8243; uncode_shortcode_id=&#8221;208830&#8243;][vc_row_inner][vc_column_inner column_width_percent=&#8221;100&#8243; align_horizontal=&#8221;align_center&#8221; gutter_size=&#8221;2&#8243; overlay_alpha=&#8221;50&#8243; shift_x=&#8221;0&#8243; shift_y=&#8221;0&#8243; shift_y_down=&#8221;0&#8243; z_index=&#8221;0&#8243; medium_width=&#8221;0&#8243; mobile_width=&#8221;0&#8243; width=&#8221;1\/1&#8243; uncode_shortcode_id=&#8221;972185&#8243;][vc_custom_heading text_color=&#8221;accent&#8221; text_size=&#8221;h6&#8243; uncode_shortcode_id=&#8221;486208&#8243; text_color_type=&#8221;uncode-palette&#8221;]TANGENT LINE[\/vc_custom_heading][vc_custom_heading text_size=&#8221;fontsize-290579&#8243; uncode_shortcode_id=&#8221;896109&#8243;]Zr\u00f3wnowa\u017cony rozw\u00f3j &#8211;\u00a0<span class=\"heading-text-highlight \" data-atts='{\"bg\":\"#ffb300\",\"height\":\"14%\",\"offset\":\"0.1em\",\"opacity\":\"0.7\",\"animated\":\"yes\"}'>Przejrzysto\u015b\u0107 strategii dotycz\u0105cych ryzyka dla zr\u00f3wnowa\u017conego rozwoju. <\/span>[\/vc_custom_heading][\/vc_column_inner][\/vc_row_inner][\/vc_column][\/vc_row][vc_row row_height_percent=&#8221;0&#8243; override_padding=&#8221;yes&#8221; h_padding=&#8221;2&#8243; top_padding=&#8221;2&#8243; bottom_padding=&#8221;3&#8243; overlay_alpha=&#8221;50&#8243; gutter_size=&#8221;3&#8243; column_width_percent=&#8221;100&#8243; shift_y=&#8221;0&#8243; z_index=&#8221;1&#8243; top_divider=&#8221;gradient&#8221; bottom_divider=&#8221;gradient&#8221; uncode_shortcode_id=&#8221;979291&#8243;][vc_column column_width_percent=&#8221;100&#8243; gutter_size=&#8221;3&#8243; overlay_alpha=&#8221;50&#8243; shift_x=&#8221;0&#8243; shift_y=&#8221;0&#8243; shift_y_down=&#8221;0&#8243; z_index=&#8221;0&#8243; medium_width=&#8221;0&#8243; mobile_width=&#8221;0&#8243; width=&#8221;1\/1&#8243; uncode_shortcode_id=&#8221;208830&#8243;][vc_row_inner row_inner_height_percent=&#8221;0&#8243; overlay_alpha=&#8221;50&#8243; equal_height=&#8221;yes&#8221; gutter_size=&#8221;4&#8243; shift_y=&#8221;0&#8243; z_index=&#8221;0&#8243; uncode_shortcode_id=&#8221;858320&#8243;][vc_column_inner column_width_percent=&#8221;100&#8243; gutter_size=&#8221;3&#8243; override_padding=&#8221;yes&#8221; column_padding=&#8221;3&#8243; back_color=&#8221;color-lxmt&#8221; overlay_alpha=&#8221;50&#8243; border_color=&#8221;accent&#8221; border_style=&#8221;solid&#8221; shift_x=&#8221;0&#8243; shift_y=&#8221;0&#8243; shift_y_down=&#8221;0&#8243; z_index=&#8221;0&#8243; medium_width=&#8221;0&#8243; mobile_width=&#8221;0&#8243; width=&#8221;1\/1&#8243; uncode_shortcode_id=&#8221;658388&#8243; back_color_type=&#8221;uncode-palette&#8221; css=&#8221;.vc_custom_1658834814343{border-left-width: 3px !important;}&#8221; border_color_type=&#8221;uncode-palette&#8221;][vc_column_text text_lead=&#8221;yes&#8221; uncode_shortcode_id=&#8221;162135&#8243;]<\/p>\n<p style=\"font-weight: 400;\">Podstawowym celem o\u015bwiadczenia jest zapewnienie inwestorom informacji o udost\u0119pnianych przez\u00a0uczestnik\u00f3w rynku finansowego produktach finansowych oraz u\u0142atwienie poznania dzia\u0142a\u0144\u00a0podejmowanych przez uczestnik\u00f3w rynku finansowego w zakresie zr\u00f3wnowa\u017conego rozwoju.<\/p>\n<p style=\"font-weight: 400;\">W rozumieniu Rozporz\u0105dzenia SFDR sp\u00f3\u0142ka Tangent Line sp. z o.o. kwalifikowana jest jako uczestnik\u00a0rynku finansowego, a alternatywna sp\u00f3\u0142ka inwestycyjna, kt\u00f3r\u0105 zarz\u0105dza Tangent Line sp. z o.o. ASI SKA \u00a0stanowi produkt finansowy.<\/p>\n<p style=\"font-weight: 400;\">Tangent Line sp. z o.o. ASI SKA\u00a0 nie przyj\u0105\u0142 jak dot\u0105d strategii dotycz\u0105cej wprowadzania do dzia\u0142alno\u015bci\u00a0inwestycyjnej oceny ryzyk dla zr\u00f3wnowa\u017conego rozwoju w procesie podejmowania decyzji\u00a0inwestycyjnych.<\/p>\n<p style=\"font-weight: 400;\">Zarz\u0105dzaj\u0105cy nie przewiduje wyst\u0105pienia ryzyk dla zr\u00f3wnowa\u017conego rozwoju w procesie inwestycyjnym\u00a0i\u00a0nie bierze pod uwag\u0119 g\u0142\u00f3wnych niekorzystnych skutk\u00f3w decyzji inwestycyjnych dla czynnik\u00f3w\u00a0zr\u00f3wnowa\u017conego rozwoju. Zwi\u0105zane jest to z profilem dzia\u0142alno\u015bci tj. przeprowadzaniem inwestycji\u00a0kapita\u0142owych w\u00a0projekty charakteryzuj\u0105ce si\u0119 innowacj\u0105 technologiczn\u0105 lub produktow\u0105 w wybranych\u00a0bran\u017cach gospodarki, bez uwzgl\u0119dniania ryzyk dla zr\u00f3wnowa\u017conego rozwoju. W przypadku zmiany\u00a0za\u0142o\u017ce\u0144 prowadzonej dzia\u0142alno\u015bci Tangent Line sp. z o.o. ASI SKA rozwa\u017cy branie pod uwag\u0119 takichniekorzystnych skutk\u00f3w.<\/p>\n<p>[\/vc_column_text][vc_empty_space empty_h=&#8221;2&#8243;][vc_custom_heading uncode_shortcode_id=&#8221;619483&#8243;]<\/p>\n<p style=\"font-weight: 400;\">O\u015bwiadczenie opiera si\u0119 na nast\u0119puj\u0105cych aktach:<\/p>\n<p>[\/vc_custom_heading][uncode_list icon=&#8221;fa fa-hashtag&#8221; icon_color=&#8221;accent&#8221; uncode_shortcode_id=&#8221;133257&#8243; icon_color_type=&#8221;uncode-palette&#8221;]<\/p>\n<ul>\n<li>Rozporz\u0105dzenie Parlamentu Europejskiego i Rady (UE) 2019\/2088 z dnia 27 listopada 2019 r. w<br \/>\nsprawie ujawniania informacji zwi\u0105zanych ze zr\u00f3wnowa\u017conym rozwojem w sektorze us\u0142ug<br \/>\nfinansowych<\/li>\n<li>Rozporz\u0105dzenie delegowane Komisji (UE) 2022\/1288 z dnia 6 kwietnia 2022 r. uzupe\u0142niaj\u0105ce<br \/>\nrozporz\u0105dzenie Parlamentu Europejskiego i Rady (UE) 2019\/2088<\/li>\n<li>Rozporz\u0105dzenie Parlamentu Europejskiego i Rady (UE) 2020\/852 z dnia 18 czerwca 2020 r. w<br \/>\nsprawie ustanowienia ram u\u0142atwiaj\u0105cych zr\u00f3wnowa\u017cone inwestycje, zmieniaj\u0105ce rozporz\u0105dzenie\u00a0(UE) 2019\/2088<\/li>\n<li>Rozporz\u0105dzenie delegowane Komisji (UE) 2021\/2139 z dnia 4 czerwca 2021 r. uzupe\u0142niaj\u0105ce\u00a0rozporz\u0105dzenie Parlamentu Europejskiego i Rady (UE) 2020\/852<\/li>\n<\/ul>\n<p>[\/uncode_list][\/vc_column_inner][\/vc_row_inner][\/vc_column][\/vc_row]<\/p>\n<\/section>","protected":false},"excerpt":{"rendered":"<p>[vc_row row_height_percent=&#8221;0&#8243; override_padding=&#8221;yes&#8221; h_padding=&#8221;2&#8243; top_padding=&#8221;5&#8243; bottom_padding=&#8221;2&#8243; overlay_alpha=&#8221;50&#8243; gutter_size=&#8221;3&#8243; column_width_percent=&#8221;100&#8243; shift_y=&#8221;0&#8243; z_index=&#8221;1&#8243; top_divider=&#8221;gradient&#8221; bottom_divider=&#8221;gradient&#8221; uncode_shortcode_id=&#8221;101314&#8243;][vc_column column_width_percent=&#8221;100&#8243; gutter_size=&#8221;3&#8243; overlay_alpha=&#8221;50&#8243; shift_x=&#8221;0&#8243; shift_y=&#8221;0&#8243; shift_y_down=&#8221;0&#8243; [&hellip;]<\/p>\n","protected":false},"author":2,"featured_media":111024,"parent":0,"menu_order":0,"comment_status":"closed","ping_status":"closed","template":"","meta":{"footnotes":""},"class_list":["post-111651","page","type-page","status-publish","has-post-thumbnail","hentry"],"yoast_head":"<!-- This site is optimized with the Yoast SEO plugin v20.13 - https:\/\/yoast.com\/wordpress\/plugins\/seo\/ -->\n<title>Dla inwestor\u00f3w - Tangent Line<\/title>\n<meta name=\"robots\" content=\"index, follow, max-snippet:-1, max-image-preview:large, max-video-preview:-1\" \/>\n<link rel=\"canonical\" href=\"https:\/\/tangentline.ventures\/pl\/dla-inwestorow\/\" \/>\n<meta property=\"og:locale\" content=\"pl_PL\" \/>\n<meta property=\"og:type\" content=\"article\" \/>\n<meta property=\"og:title\" content=\"Dla inwestor\u00f3w - Tangent Line\" \/>\n<meta property=\"og:description\" content=\"[vc_row row_height_percent=&#8221;0&#8243; override_padding=&#8221;yes&#8221; h_padding=&#8221;2&#8243; top_padding=&#8221;5&#8243; bottom_padding=&#8221;2&#8243; overlay_alpha=&#8221;50&#8243; gutter_size=&#8221;3&#8243; column_width_percent=&#8221;100&#8243; shift_y=&#8221;0&#8243; z_index=&#8221;1&#8243; top_divider=&#8221;gradient&#8221; bottom_divider=&#8221;gradient&#8221; uncode_shortcode_id=&#8221;101314&#8243;][vc_column column_width_percent=&#8221;100&#8243; gutter_size=&#8221;3&#8243; overlay_alpha=&#8221;50&#8243; shift_x=&#8221;0&#8243; shift_y=&#8221;0&#8243; shift_y_down=&#8221;0&#8243; [&hellip;]\" \/>\n<meta property=\"og:url\" content=\"https:\/\/tangentline.ventures\/pl\/dla-inwestorow\/\" \/>\n<meta property=\"og:site_name\" content=\"Tangent Line\" \/>\n<meta property=\"article:modified_time\" content=\"2024-02-06T16:02:39+00:00\" \/>\n<meta property=\"og:image\" content=\"https:\/\/tangentline.ventures\/wp-content\/uploads\/2022\/08\/tangent-line-4.jpg\" \/>\n\t<meta property=\"og:image:width\" content=\"1920\" \/>\n\t<meta property=\"og:image:height\" content=\"1280\" \/>\n\t<meta property=\"og:image:type\" content=\"image\/jpeg\" \/>\n<meta name=\"twitter:card\" content=\"summary_large_image\" \/>\n<meta name=\"twitter:label1\" content=\"Szacowany czas czytania\" \/>\n\t<meta name=\"twitter:data1\" content=\"2 minuty\" \/>\n<script type=\"application\/ld+json\" class=\"yoast-schema-graph\">{\"@context\":\"https:\/\/schema.org\",\"@graph\":[{\"@type\":\"WebPage\",\"@id\":\"https:\/\/tangentline.ventures\/pl\/dla-inwestorow\/\",\"url\":\"https:\/\/tangentline.ventures\/pl\/dla-inwestorow\/\",\"name\":\"Dla inwestor\u00f3w - Tangent Line\",\"isPartOf\":{\"@id\":\"https:\/\/tangentline.ventures\/pl\/#website\"},\"datePublished\":\"2023-10-24T15:51:53+00:00\",\"dateModified\":\"2024-02-06T16:02:39+00:00\",\"breadcrumb\":{\"@id\":\"https:\/\/tangentline.ventures\/pl\/dla-inwestorow\/#breadcrumb\"},\"inLanguage\":\"pl-PL\",\"potentialAction\":[{\"@type\":\"ReadAction\",\"target\":[\"https:\/\/tangentline.ventures\/pl\/dla-inwestorow\/\"]}]},{\"@type\":\"BreadcrumbList\",\"@id\":\"https:\/\/tangentline.ventures\/pl\/dla-inwestorow\/#breadcrumb\",\"itemListElement\":[{\"@type\":\"ListItem\",\"position\":1,\"name\":\"Home\",\"item\":\"https:\/\/tangentline.ventures\/pl\/\"},{\"@type\":\"ListItem\",\"position\":2,\"name\":\"Dla inwestor\u00f3w\"}]},{\"@type\":\"WebSite\",\"@id\":\"https:\/\/tangentline.ventures\/pl\/#website\",\"url\":\"https:\/\/tangentline.ventures\/pl\/\",\"name\":\"Tangent Line\",\"description\":\"My WordPress Blog\",\"potentialAction\":[{\"@type\":\"SearchAction\",\"target\":{\"@type\":\"EntryPoint\",\"urlTemplate\":\"https:\/\/tangentline.ventures\/pl\/?s={search_term_string}\"},\"query-input\":\"required name=search_term_string\"}],\"inLanguage\":\"pl-PL\"}]}<\/script>\n<!-- \/ Yoast SEO plugin. -->","yoast_head_json":{"title":"Dla inwestor\u00f3w - Tangent Line","robots":{"index":"index","follow":"follow","max-snippet":"max-snippet:-1","max-image-preview":"max-image-preview:large","max-video-preview":"max-video-preview:-1"},"canonical":"https:\/\/tangentline.ventures\/pl\/dla-inwestorow\/","og_locale":"pl_PL","og_type":"article","og_title":"Dla inwestor\u00f3w - Tangent Line","og_description":"[vc_row row_height_percent=&#8221;0&#8243; override_padding=&#8221;yes&#8221; h_padding=&#8221;2&#8243; top_padding=&#8221;5&#8243; bottom_padding=&#8221;2&#8243; overlay_alpha=&#8221;50&#8243; gutter_size=&#8221;3&#8243; column_width_percent=&#8221;100&#8243; shift_y=&#8221;0&#8243; z_index=&#8221;1&#8243; top_divider=&#8221;gradient&#8221; bottom_divider=&#8221;gradient&#8221; uncode_shortcode_id=&#8221;101314&#8243;][vc_column column_width_percent=&#8221;100&#8243; gutter_size=&#8221;3&#8243; overlay_alpha=&#8221;50&#8243; shift_x=&#8221;0&#8243; shift_y=&#8221;0&#8243; shift_y_down=&#8221;0&#8243; [&hellip;]","og_url":"https:\/\/tangentline.ventures\/pl\/dla-inwestorow\/","og_site_name":"Tangent Line","article_modified_time":"2024-02-06T16:02:39+00:00","og_image":[{"width":1920,"height":1280,"url":"https:\/\/tangentline.ventures\/wp-content\/uploads\/2022\/08\/tangent-line-4.jpg","type":"image\/jpeg"}],"twitter_card":"summary_large_image","twitter_misc":{"Szacowany czas czytania":"2 minuty"},"schema":{"@context":"https:\/\/schema.org","@graph":[{"@type":"WebPage","@id":"https:\/\/tangentline.ventures\/pl\/dla-inwestorow\/","url":"https:\/\/tangentline.ventures\/pl\/dla-inwestorow\/","name":"Dla inwestor\u00f3w - Tangent Line","isPartOf":{"@id":"https:\/\/tangentline.ventures\/pl\/#website"},"datePublished":"2023-10-24T15:51:53+00:00","dateModified":"2024-02-06T16:02:39+00:00","breadcrumb":{"@id":"https:\/\/tangentline.ventures\/pl\/dla-inwestorow\/#breadcrumb"},"inLanguage":"pl-PL","potentialAction":[{"@type":"ReadAction","target":["https:\/\/tangentline.ventures\/pl\/dla-inwestorow\/"]}]},{"@type":"BreadcrumbList","@id":"https:\/\/tangentline.ventures\/pl\/dla-inwestorow\/#breadcrumb","itemListElement":[{"@type":"ListItem","position":1,"name":"Home","item":"https:\/\/tangentline.ventures\/pl\/"},{"@type":"ListItem","position":2,"name":"Dla inwestor\u00f3w"}]},{"@type":"WebSite","@id":"https:\/\/tangentline.ventures\/pl\/#website","url":"https:\/\/tangentline.ventures\/pl\/","name":"Tangent Line","description":"My WordPress Blog","potentialAction":[{"@type":"SearchAction","target":{"@type":"EntryPoint","urlTemplate":"https:\/\/tangentline.ventures\/pl\/?s={search_term_string}"},"query-input":"required name=search_term_string"}],"inLanguage":"pl-PL"}]}},"_links":{"self":[{"href":"https:\/\/tangentline.ventures\/pl\/wp-json\/wp\/v2\/pages\/111651","targetHints":{"allow":["GET"]}}],"collection":[{"href":"https:\/\/tangentline.ventures\/pl\/wp-json\/wp\/v2\/pages"}],"about":[{"href":"https:\/\/tangentline.ventures\/pl\/wp-json\/wp\/v2\/types\/page"}],"author":[{"embeddable":true,"href":"https:\/\/tangentline.ventures\/pl\/wp-json\/wp\/v2\/users\/2"}],"replies":[{"embeddable":true,"href":"https:\/\/tangentline.ventures\/pl\/wp-json\/wp\/v2\/comments?post=111651"}],"version-history":[{"count":4,"href":"https:\/\/tangentline.ventures\/pl\/wp-json\/wp\/v2\/pages\/111651\/revisions"}],"predecessor-version":[{"id":111655,"href":"https:\/\/tangentline.ventures\/pl\/wp-json\/wp\/v2\/pages\/111651\/revisions\/111655"}],"wp:featuredmedia":[{"embeddable":true,"href":"https:\/\/tangentline.ventures\/pl\/wp-json\/wp\/v2\/media\/111024"}],"wp:attachment":[{"href":"https:\/\/tangentline.ventures\/pl\/wp-json\/wp\/v2\/media?parent=111651"}],"curies":[{"name":"wp","href":"https:\/\/api.w.org\/{rel}","templated":true}]}}